{"id":456,"date":"2025-10-01T10:24:41","date_gmt":"2025-10-01T10:24:41","guid":{"rendered":"https:\/\/pegoapp.es\/?page_id=456"},"modified":"2025-10-01T10:27:16","modified_gmt":"2025-10-01T10:27:16","slug":"terminos-y-condiciones","status":"publish","type":"page","link":"https:\/\/pegoapp.es\/index.php\/terminos-y-condiciones\/","title":{"rendered":"T\u00e9rminos y condiciones"},"content":{"rendered":"\t\t<div data-elementor-type=\"wp-page\" data-elementor-id=\"456\" class=\"elementor elementor-456\">\n\t\t\t\t<div class=\"elementor-element elementor-element-199591c e-flex e-con-boxed e-con e-parent\" data-id=\"199591c\" data-element_type=\"container\" data-settings=\"{&quot;background_background&quot;:&quot;classic&quot;,&quot;shape_divider_bottom&quot;:&quot;curve&quot;,&quot;shape_divider_bottom_negative&quot;:&quot;yes&quot;}\">\n\t\t\t\t\t<div class=\"e-con-inner\">\n\t\t\t\t<div class=\"elementor-shape elementor-shape-bottom\" aria-hidden=\"true\" data-negative=\"true\">\n\t\t\t<svg xmlns=\"http:\/\/www.w3.org\/2000\/svg\" viewBox=\"0 0 1000 100\" preserveAspectRatio=\"none\">\n\t<path class=\"elementor-shape-fill\" d=\"M500,97C126.7,96.3,0.8,19.8,0,0v100l1000,0V1C1000,19.4,873.3,97.8,500,97z\"\/>\n<\/svg>\t\t<\/div>\n\t\t\t\t<div class=\"elementor-element elementor-element-a8559db elementor-widget elementor-widget-heading\" data-id=\"a8559db\" data-element_type=\"widget\" data-widget_type=\"heading.default\">\n\t\t\t\t\t<h2 class=\"elementor-heading-title elementor-size-default\">Textos legales<\/h2>\t\t\t\t<\/div>\n\t\t\t\t<div class=\"elementor-element elementor-element-db87fcd elementor-widget-divider--view-line elementor-widget elementor-widget-divider\" data-id=\"db87fcd\" data-element_type=\"widget\" data-widget_type=\"divider.default\">\n\t\t\t\t\t\t\t<div class=\"elementor-divider\">\n\t\t\t<span class=\"elementor-divider-separator\">\n\t\t\t\t\t\t<\/span>\n\t\t<\/div>\n\t\t\t\t\t\t<\/div>\n\t\t\t\t<div class=\"elementor-element elementor-element-8543c3e elementor-widget elementor-widget-heading\" data-id=\"8543c3e\" data-element_type=\"widget\" data-widget_type=\"heading.default\">\n\t\t\t\t\t<h2 class=\"elementor-heading-title elementor-size-default\">T\u00e9rminos y condiciones<\/h2>\t\t\t\t<\/div>\n\t\t\t\t\t<\/div>\n\t\t\t\t<\/div>\n\t\t<div class=\"elementor-element elementor-element-6f1adbd e-flex e-con-boxed e-con e-parent\" data-id=\"6f1adbd\" data-element_type=\"container\">\n\t\t\t\t\t<div class=\"e-con-inner\">\n\t\t\t\t<div class=\"elementor-element elementor-element-b8503cd elementor-widget elementor-widget-text-editor\" data-id=\"b8503cd\" data-element_type=\"widget\" data-widget_type=\"text-editor.default\">\n\t\t\t\t\t\t\t\t\t<p><strong>T\u00c9RMINOS Y CONDICIONES<br \/><br \/>\u00daltima actualizaci\u00f3n: 30 de septiembre de 2025<br \/><br \/>1. INFORMACI\u00d3N GENERAL<\/strong><br \/>Los presentes T\u00e9rminos y Condiciones regulan el acceso y uso del sitio web \u201cPEGO\u201d (en adelante, el \u201cSitio Web\u201d), cuyo titular opera provisionalmente bajo la denominaci\u00f3n \u201cPEGOapp\u201d.<br \/><br \/>El uso del Sitio Web otorga la condici\u00f3n de Usuario y supone la aceptaci\u00f3n plena de estas condiciones. Si el Usuario no est\u00e1 de acuerdo, deber\u00e1 abstenerse de utilizar el Sitio Web.<br \/><br \/><strong>2. OBJETO DEL SITIO WEB<\/strong><br \/>El Sitio Web ofrece informaci\u00f3n sobre los servicios de PEGO, permite el registro de usuarios, el acceso a cuentas, la gesti\u00f3n de reservas y, en su caso, el pago de suscripciones o servicios.<br \/><br \/><strong>3. REGISTRO Y CUENTAS<\/strong><br \/>Para acceder a ciertas funcionalidades, el Usuario deber\u00e1 registrarse proporcionando datos ver\u00eddicos, completos y actualizados.<br \/><br \/>Los menores de edad necesitar\u00e1n autorizaci\u00f3n de sus padres o tutores para registrarse.<br \/><br \/><strong>4. CONDICIONES DE USO<\/strong><br \/>El Usuario se compromete a:<br \/>&#8211; Utilizar el Sitio Web conforme a la ley, la buena fe y el orden p\u00fablico.<br \/>&#8211; No introducir contenido il\u00edcito, da\u00f1ino, ofensivo o que vulnere derechos de terceros.<br \/>&#8211; No intentar da\u00f1ar, interferir o sobrecargar el Sitio Web.<br \/><br \/><strong>5. COMPRAS, PAGOS Y SUSCRIPCIONES<\/strong><br \/>Cuando el Sitio Web ofrezca servicios o suscripciones de pago, estos se gestionar\u00e1n a trav\u00e9s de plataformas seguras (Stripe, PayPal u otras).<br \/><br \/><strong>6. RESPONSABILIDADES<\/strong><br \/>PEGO no se hace responsable de interrupciones t\u00e9cnicas, errores de terceros ni del uso indebido del Sitio Web por parte de los usuarios.<br \/><br \/><strong>7. PROPIEDAD INTELECTUAL<\/strong><br \/>Todos los contenidos del Sitio Web (textos, im\u00e1genes, software, logotipos, marcas) son propiedad de sus respectivos titulares y est\u00e1n protegidos por la normativa de propiedad intelectual e industrial.<br \/><br \/><strong>8. ENLACES A TERCEROS<\/strong><br \/>El Sitio Web puede contener enlaces a sitios web de terceros. PEGO no se hace responsable de sus contenidos ni pol\u00edticas.<br \/><br \/><strong>9. MODIFICACI\u00d3N DEL SITIO WEB Y DE LOS T\u00c9RMINOS<\/strong><br \/>PEGO podr\u00e1 modificar el Sitio Web y los presentes t\u00e9rminos en cualquier momento. Las modificaciones ser\u00e1n efectivas desde su publicaci\u00f3n.<br \/><br \/><strong>10. LEGISLACI\u00d3N Y JURISDICCI\u00d3N<\/strong><br \/>Estos T\u00e9rminos se rigen por la legislaci\u00f3n espa\u00f1ola. Cualquier disputa ser\u00e1 resuelta por los Juzgados y Tribunales competentes del domicilio del consumidor.<br \/><br \/><strong>11. CONTACTO<\/strong><br \/>Para cualquier duda o incidencia, el Usuario puede contactar con PEGO a trav\u00e9s del email oficial de soporte.<\/p>\t\t\t\t\t\t\t\t<\/div>\n\t\t\t\t\t<\/div>\n\t\t\t\t<\/div>\n\t\t<div class=\"elementor-element elementor-element-b77b4b4 e-flex e-con-boxed e-con e-parent\" data-id=\"b77b4b4\" data-element_type=\"container\">\n\t\t\t\t\t<div class=\"e-con-inner\">\n\t\t\t\t<div class=\"elementor-element elementor-element-b007f55 elementor-mobile-align-center elementor-align-center elementor-widget elementor-widget-button\" data-id=\"b007f55\" data-element_type=\"widget\" data-widget_type=\"button.default\">\n\t\t\t\t\t\t\t\t\t\t<a class=\"elementor-button elementor-button-link elementor-size-sm\" href=\"https:\/\/pegoapp.es\/\">\n\t\t\t\t\t\t<span class=\"elementor-button-content-wrapper\">\n\t\t\t\t\t\t\t\t\t<span class=\"elementor-button-text\">Volver<\/span>\n\t\t\t\t\t<\/span>\n\t\t\t\t\t<\/a>\n\t\t\t\t\t\t\t\t<\/div>\n\t\t\t\t\t<\/div>\n\t\t\t\t<\/div>\n\t\t\t\t<\/div>\n\t\t","protected":false},"excerpt":{"rendered":"<p>Textos legales T\u00e9rminos y condiciones T\u00c9RMINOS Y CONDICIONES \u00daltima actualizaci\u00f3n: 30 de septiembre de 2025 1. INFORMACI\u00d3N GENERALLos presentes T\u00e9rminos y Condiciones regulan el acceso y uso del sitio web \u201cPEGO\u201d (en adelante, el \u201cSitio Web\u201d), cuyo titular opera provisionalmente bajo la denominaci\u00f3n \u201cPEGOapp\u201d. El uso del Sitio Web otorga la condici\u00f3n de Usuario y [&hellip;]<\/p>\n","protected":false},"author":1,"featured_media":0,"parent":0,"menu_order":0,"comment_status":"closed","ping_status":"closed","template":"elementor_canvas","meta":{"footnotes":""},"class_list":["post-456","page","type-page","status-publish","hentry"],"yoast_head":"<!-- This site is optimized with the Yoast SEO plugin v26.0 - https:\/\/yoast.com\/wordpress\/plugins\/seo\/ -->\n<title>T\u00e9rminos y condiciones - PEGO<\/title>\n<meta name=\"robots\" content=\"index, follow, max-snippet:-1, max-image-preview:large, max-video-preview:-1\" \/>\n<link rel=\"canonical\" href=\"https:\/\/pegoapp.es\/index.php\/terminos-y-condiciones\/\" \/>\n<meta property=\"og:locale\" content=\"es_ES\" \/>\n<meta property=\"og:type\" content=\"article\" \/>\n<meta property=\"og:title\" content=\"T\u00e9rminos y condiciones - PEGO\" \/>\n<meta property=\"og:description\" content=\"Textos legales T\u00e9rminos y condiciones T\u00c9RMINOS Y CONDICIONES \u00daltima actualizaci\u00f3n: 30 de septiembre de 2025 1. INFORMACI\u00d3N GENERALLos presentes T\u00e9rminos y Condiciones regulan el acceso y uso del sitio web \u201cPEGO\u201d (en adelante, el \u201cSitio Web\u201d), cuyo titular opera provisionalmente bajo la denominaci\u00f3n \u201cPEGOapp\u201d. El uso del Sitio Web otorga la condici\u00f3n de Usuario y [&hellip;]\" \/>\n<meta property=\"og:url\" content=\"https:\/\/pegoapp.es\/index.php\/terminos-y-condiciones\/\" \/>\n<meta property=\"og:site_name\" content=\"PEGO\" \/>\n<meta property=\"article:modified_time\" content=\"2025-10-01T10:27:16+00:00\" \/>\n<meta name=\"twitter:card\" content=\"summary_large_image\" \/>\n<meta name=\"twitter:label1\" content=\"Tiempo de lectura\" \/>\n\t<meta name=\"twitter:data1\" content=\"2 minutos\" \/>\n<script type=\"application\/ld+json\" class=\"yoast-schema-graph\">{\"@context\":\"https:\/\/schema.org\",\"@graph\":[{\"@type\":\"WebPage\",\"@id\":\"https:\/\/pegoapp.es\/index.php\/terminos-y-condiciones\/\",\"url\":\"https:\/\/pegoapp.es\/index.php\/terminos-y-condiciones\/\",\"name\":\"T\u00e9rminos y condiciones - PEGO\",\"isPartOf\":{\"@id\":\"https:\/\/pegoapp.es\/#website\"},\"datePublished\":\"2025-10-01T10:24:41+00:00\",\"dateModified\":\"2025-10-01T10:27:16+00:00\",\"breadcrumb\":{\"@id\":\"https:\/\/pegoapp.es\/index.php\/terminos-y-condiciones\/#breadcrumb\"},\"inLanguage\":\"es\",\"potentialAction\":[{\"@type\":\"ReadAction\",\"target\":[\"https:\/\/pegoapp.es\/index.php\/terminos-y-condiciones\/\"]}]},{\"@type\":\"BreadcrumbList\",\"@id\":\"https:\/\/pegoapp.es\/index.php\/terminos-y-condiciones\/#breadcrumb\",\"itemListElement\":[{\"@type\":\"ListItem\",\"position\":1,\"name\":\"Portada\",\"item\":\"https:\/\/pegoapp.es\/\"},{\"@type\":\"ListItem\",\"position\":2,\"name\":\"T\u00e9rminos y condiciones\"}]},{\"@type\":\"WebSite\",\"@id\":\"https:\/\/pegoapp.es\/#website\",\"url\":\"https:\/\/pegoapp.es\/\",\"name\":\"PEGO\",\"description\":\"\",\"potentialAction\":[{\"@type\":\"SearchAction\",\"target\":{\"@type\":\"EntryPoint\",\"urlTemplate\":\"https:\/\/pegoapp.es\/?s={search_term_string}\"},\"query-input\":{\"@type\":\"PropertyValueSpecification\",\"valueRequired\":true,\"valueName\":\"search_term_string\"}}],\"inLanguage\":\"es\"}]}<\/script>\n<!-- \/ Yoast SEO plugin. -->","yoast_head_json":{"title":"T\u00e9rminos y condiciones - PEGO","robots":{"index":"index","follow":"follow","max-snippet":"max-snippet:-1","max-image-preview":"max-image-preview:large","max-video-preview":"max-video-preview:-1"},"canonical":"https:\/\/pegoapp.es\/index.php\/terminos-y-condiciones\/","og_locale":"es_ES","og_type":"article","og_title":"T\u00e9rminos y condiciones - PEGO","og_description":"Textos legales T\u00e9rminos y condiciones T\u00c9RMINOS Y CONDICIONES \u00daltima actualizaci\u00f3n: 30 de septiembre de 2025 1. INFORMACI\u00d3N GENERALLos presentes T\u00e9rminos y Condiciones regulan el acceso y uso del sitio web \u201cPEGO\u201d (en adelante, el \u201cSitio Web\u201d), cuyo titular opera provisionalmente bajo la denominaci\u00f3n \u201cPEGOapp\u201d. El uso del Sitio Web otorga la condici\u00f3n de Usuario y [&hellip;]","og_url":"https:\/\/pegoapp.es\/index.php\/terminos-y-condiciones\/","og_site_name":"PEGO","article_modified_time":"2025-10-01T10:27:16+00:00","twitter_card":"summary_large_image","twitter_misc":{"Tiempo de lectura":"2 minutos"},"schema":{"@context":"https:\/\/schema.org","@graph":[{"@type":"WebPage","@id":"https:\/\/pegoapp.es\/index.php\/terminos-y-condiciones\/","url":"https:\/\/pegoapp.es\/index.php\/terminos-y-condiciones\/","name":"T\u00e9rminos y condiciones - PEGO","isPartOf":{"@id":"https:\/\/pegoapp.es\/#website"},"datePublished":"2025-10-01T10:24:41+00:00","dateModified":"2025-10-01T10:27:16+00:00","breadcrumb":{"@id":"https:\/\/pegoapp.es\/index.php\/terminos-y-condiciones\/#breadcrumb"},"inLanguage":"es","potentialAction":[{"@type":"ReadAction","target":["https:\/\/pegoapp.es\/index.php\/terminos-y-condiciones\/"]}]},{"@type":"BreadcrumbList","@id":"https:\/\/pegoapp.es\/index.php\/terminos-y-condiciones\/#breadcrumb","itemListElement":[{"@type":"ListItem","position":1,"name":"Portada","item":"https:\/\/pegoapp.es\/"},{"@type":"ListItem","position":2,"name":"T\u00e9rminos y condiciones"}]},{"@type":"WebSite","@id":"https:\/\/pegoapp.es\/#website","url":"https:\/\/pegoapp.es\/","name":"PEGO","description":"","potentialAction":[{"@type":"SearchAction","target":{"@type":"EntryPoint","urlTemplate":"https:\/\/pegoapp.es\/?s={search_term_string}"},"query-input":{"@type":"PropertyValueSpecification","valueRequired":true,"valueName":"search_term_string"}}],"inLanguage":"es"}]}},"_links":{"self":[{"href":"https:\/\/pegoapp.es\/index.php\/wp-json\/wp\/v2\/pages\/456","targetHints":{"allow":["GET"]}}],"collection":[{"href":"https:\/\/pegoapp.es\/index.php\/wp-json\/wp\/v2\/pages"}],"about":[{"href":"https:\/\/pegoapp.es\/index.php\/wp-json\/wp\/v2\/types\/page"}],"author":[{"embeddable":true,"href":"https:\/\/pegoapp.es\/index.php\/wp-json\/wp\/v2\/users\/1"}],"replies":[{"embeddable":true,"href":"https:\/\/pegoapp.es\/index.php\/wp-json\/wp\/v2\/comments?post=456"}],"version-history":[{"count":4,"href":"https:\/\/pegoapp.es\/index.php\/wp-json\/wp\/v2\/pages\/456\/revisions"}],"predecessor-version":[{"id":460,"href":"https:\/\/pegoapp.es\/index.php\/wp-json\/wp\/v2\/pages\/456\/revisions\/460"}],"wp:attachment":[{"href":"https:\/\/pegoapp.es\/index.php\/wp-json\/wp\/v2\/media?parent=456"}],"curies":[{"name":"wp","href":"https:\/\/api.w.org\/{rel}","templated":true}]}}